{"id":8,"date":"2024-04-02T12:11:49","date_gmt":"2024-04-02T12:11:49","guid":{"rendered":"https:\/\/blog.unicollegessml.it\/?page_id=8"},"modified":"2024-06-10T21:06:55","modified_gmt":"2024-06-10T21:06:55","slug":"about-the-blog","status":"publish","type":"page","link":"https:\/\/blog.unicollegessml.it\/?page_id=8","title":{"rendered":"La redazione"},"content":{"rendered":"\n<p><\/p>\n\n\n\n<p>Questo progetto di blogging nasce inizialmente per impreziosire il percorso di studi degli studenti di Giornalismo Digitale di Unicollege e dare loro la possibilit\u00e0 di applicare conoscenze e principi redazionali acquisiti nel corso degli studi universitari pubblicando articoli e reportage giornalistici incentrati su argomenti diversi, dalle tematiche sociologiche a quelle relative alla moda, dall&#8217;arte alla tecnologia, e tanto altro.<\/p>\n\n\n\n<p><br>Le attivit\u00e0 del blog sono poi state condivise con gli studenti degli altri indirizzi di studio per permettere loro di dare libert\u00e0 e sfogo alla stesura di approfondimenti e contenuti sempre di carattere giornalistico dedicati perlopi\u00f9 collegati alle materie dei corsi seguiti, passioni coltivate nel tempo e iniziative a cui hanno preso parte. A tutto questo si aggiungono anche i contributi didattici, scientifici e formativi del corpo docente di Unicollege. <\/p>\n\n\n\n<div class=\"wp-block-columns is-layout-flex wp-container-core-columns-is-layout-28f84493 wp-block-columns-is-layout-flex\">\n<div class=\"wp-block-column is-layout-flow wp-block-column-is-layout-flow\">\n<h5 class=\"wp-block-heading\">Redazione docenti<\/h5>\n\n\n\n<p><\/p>\n\n\n\n<p>David Fabbri<\/p>\n\n\n\n<p>Lorenzo Grifone Baglioni<\/p>\n\n\n\n<p>Alessandra Andreani<\/p>\n\n\n\n<p>Paolo Rondinelli<\/p>\n\n\n\n<p>Valerio Mancini<\/p>\n<\/div>\n\n\n\n<div class=\"wp-block-column is-layout-flow wp-block-column-is-layout-flow\">\n<h5 class=\"wp-block-heading\">Redazione studenti<\/h5>\n\n\n\n<p><\/p>\n\n\n\n<p>Samuele Ferrari<\/p>\n\n\n\n<p>Alessia Depietri<\/p>\n\n\n\n<p>Benedetta Suraci<\/p>\n<\/div>\n<\/div>\n","protected":false},"excerpt":{"rendered":"<p>Questo progetto di blogging nasce inizialmente per impreziosire il percorso di studi degli studenti di Giornalismo Digitale di Unicollege e dare loro la possibilit\u00e0 di applicare conoscenze e principi redazionali acquisiti nel corso degli studi universitari pubblicando articoli e reportage giornalistici incentrati su argomenti diversi, dalle tematiche sociologiche a quelle relative alla moda, dall&#8217;arte alla [&hellip;]<\/p>\n","protected":false},"author":1,"featured_media":0,"parent":0,"menu_order":0,"comment_status":"closed","ping_status":"closed","template":"","meta":{"footnotes":""},"class_list":["post-8","page","type-page","status-publish","hentry"],"yoast_head":"<!-- This site is optimized with the Yoast SEO plugin v27.4 - https:\/\/yoast.com\/product\/yoast-seo-wordpress\/ -->\n<title>La redazione - Blog Unicollege SSML<\/title>\n<meta name=\"description\" content=\"Presentazione del blog di Unicollege e delle sue attivit\u00e0 di produzione di contenuti\" \/>\n<meta name=\"robots\" content=\"index, follow, max-snippet:-1, max-image-preview:large, max-video-preview:-1\" \/>\n<link rel=\"canonical\" href=\"https:\/\/blog.unicollegessml.it\/?page_id=8\" \/>\n<meta property=\"og:locale\" content=\"it_IT\" \/>\n<meta property=\"og:type\" content=\"article\" \/>\n<meta property=\"og:title\" content=\"La redazione - Blog Unicollege SSML\" \/>\n<meta property=\"og:description\" content=\"Presentazione del blog di Unicollege e delle sue attivit\u00e0 di produzione di contenuti\" \/>\n<meta property=\"og:url\" content=\"https:\/\/blog.unicollegessml.it\/?page_id=8\" \/>\n<meta property=\"og:site_name\" content=\"Blog Unicollege SSML\" \/>\n<meta property=\"article:modified_time\" content=\"2024-06-10T21:06:55+00:00\" \/>\n<meta name=\"twitter:card\" content=\"summary_large_image\" \/>\n<meta name=\"twitter:label1\" content=\"Tempo di lettura stimato\" \/>\n\t<meta name=\"twitter:data1\" content=\"1 minuto\" \/>\n<script type=\"application\/ld+json\" class=\"yoast-schema-graph\">{\"@context\":\"https:\\\/\\\/schema.org\",\"@graph\":[{\"@type\":\"WebPage\",\"@id\":\"https:\\\/\\\/blog.unicollegessml.it\\\/?page_id=8\",\"url\":\"https:\\\/\\\/blog.unicollegessml.it\\\/?page_id=8\",\"name\":\"La redazione - Blog Unicollege SSML\",\"isPartOf\":{\"@id\":\"https:\\\/\\\/blog.unicollegessml.it\\\/#website\"},\"datePublished\":\"2024-04-02T12:11:49+00:00\",\"dateModified\":\"2024-06-10T21:06:55+00:00\",\"description\":\"Presentazione del blog di Unicollege e delle sue attivit\u00e0 di produzione di contenuti\",\"breadcrumb\":{\"@id\":\"https:\\\/\\\/blog.unicollegessml.it\\\/?page_id=8#breadcrumb\"},\"inLanguage\":\"it-IT\",\"potentialAction\":[{\"@type\":\"ReadAction\",\"target\":[\"https:\\\/\\\/blog.unicollegessml.it\\\/?page_id=8\"]}]},{\"@type\":\"BreadcrumbList\",\"@id\":\"https:\\\/\\\/blog.unicollegessml.it\\\/?page_id=8#breadcrumb\",\"itemListElement\":[{\"@type\":\"ListItem\",\"position\":1,\"name\":\"Home\",\"item\":\"https:\\\/\\\/blog.unicollegessml.it\\\/\"},{\"@type\":\"ListItem\",\"position\":2,\"name\":\"La redazione\"}]},{\"@type\":\"WebSite\",\"@id\":\"https:\\\/\\\/blog.unicollegessml.it\\\/#website\",\"url\":\"https:\\\/\\\/blog.unicollegessml.it\\\/\",\"name\":\"Blog | Unicollege SSML\",\"description\":\"\",\"publisher\":{\"@id\":\"https:\\\/\\\/blog.unicollegessml.it\\\/#organization\"},\"potentialAction\":[{\"@type\":\"SearchAction\",\"target\":{\"@type\":\"EntryPoint\",\"urlTemplate\":\"https:\\\/\\\/blog.unicollegessml.it\\\/?s={search_term_string}\"},\"query-input\":{\"@type\":\"PropertyValueSpecification\",\"valueRequired\":true,\"valueName\":\"search_term_string\"}}],\"inLanguage\":\"it-IT\"},{\"@type\":\"Organization\",\"@id\":\"https:\\\/\\\/blog.unicollegessml.it\\\/#organization\",\"name\":\"Blog | Unicollege SSML\",\"url\":\"https:\\\/\\\/blog.unicollegessml.it\\\/\",\"logo\":{\"@type\":\"ImageObject\",\"inLanguage\":\"it-IT\",\"@id\":\"https:\\\/\\\/blog.unicollegessml.it\\\/#\\\/schema\\\/logo\\\/image\\\/\",\"url\":\"https:\\\/\\\/blog.unicollegessml.it\\\/wp-content\\\/uploads\\\/2024\\\/04\\\/cropped-logo.png\",\"contentUrl\":\"https:\\\/\\\/blog.unicollegessml.it\\\/wp-content\\\/uploads\\\/2024\\\/04\\\/cropped-logo.png\",\"width\":2500,\"height\":549,\"caption\":\"Blog | Unicollege SSML\"},\"image\":{\"@id\":\"https:\\\/\\\/blog.unicollegessml.it\\\/#\\\/schema\\\/logo\\\/image\\\/\"}}]}<\/script>\n<!-- \/ Yoast SEO plugin. -->","yoast_head_json":{"title":"La redazione - Blog Unicollege SSML","description":"Presentazione del blog di Unicollege e delle sue attivit\u00e0 di produzione di contenuti","robots":{"index":"index","follow":"follow","max-snippet":"max-snippet:-1","max-image-preview":"max-image-preview:large","max-video-preview":"max-video-preview:-1"},"canonical":"https:\/\/blog.unicollegessml.it\/?page_id=8","og_locale":"it_IT","og_type":"article","og_title":"La redazione - Blog Unicollege SSML","og_description":"Presentazione del blog di Unicollege e delle sue attivit\u00e0 di produzione di contenuti","og_url":"https:\/\/blog.unicollegessml.it\/?page_id=8","og_site_name":"Blog Unicollege SSML","article_modified_time":"2024-06-10T21:06:55+00:00","twitter_card":"summary_large_image","twitter_misc":{"Tempo di lettura stimato":"1 minuto"},"schema":{"@context":"https:\/\/schema.org","@graph":[{"@type":"WebPage","@id":"https:\/\/blog.unicollegessml.it\/?page_id=8","url":"https:\/\/blog.unicollegessml.it\/?page_id=8","name":"La redazione - Blog Unicollege SSML","isPartOf":{"@id":"https:\/\/blog.unicollegessml.it\/#website"},"datePublished":"2024-04-02T12:11:49+00:00","dateModified":"2024-06-10T21:06:55+00:00","description":"Presentazione del blog di Unicollege e delle sue attivit\u00e0 di produzione di contenuti","breadcrumb":{"@id":"https:\/\/blog.unicollegessml.it\/?page_id=8#breadcrumb"},"inLanguage":"it-IT","potentialAction":[{"@type":"ReadAction","target":["https:\/\/blog.unicollegessml.it\/?page_id=8"]}]},{"@type":"BreadcrumbList","@id":"https:\/\/blog.unicollegessml.it\/?page_id=8#breadcrumb","itemListElement":[{"@type":"ListItem","position":1,"name":"Home","item":"https:\/\/blog.unicollegessml.it\/"},{"@type":"ListItem","position":2,"name":"La redazione"}]},{"@type":"WebSite","@id":"https:\/\/blog.unicollegessml.it\/#website","url":"https:\/\/blog.unicollegessml.it\/","name":"Blog | Unicollege SSML","description":"","publisher":{"@id":"https:\/\/blog.unicollegessml.it\/#organization"},"potentialAction":[{"@type":"SearchAction","target":{"@type":"EntryPoint","urlTemplate":"https:\/\/blog.unicollegessml.it\/?s={search_term_string}"},"query-input":{"@type":"PropertyValueSpecification","valueRequired":true,"valueName":"search_term_string"}}],"inLanguage":"it-IT"},{"@type":"Organization","@id":"https:\/\/blog.unicollegessml.it\/#organization","name":"Blog | Unicollege SSML","url":"https:\/\/blog.unicollegessml.it\/","logo":{"@type":"ImageObject","inLanguage":"it-IT","@id":"https:\/\/blog.unicollegessml.it\/#\/schema\/logo\/image\/","url":"https:\/\/blog.unicollegessml.it\/wp-content\/uploads\/2024\/04\/cropped-logo.png","contentUrl":"https:\/\/blog.unicollegessml.it\/wp-content\/uploads\/2024\/04\/cropped-logo.png","width":2500,"height":549,"caption":"Blog | Unicollege SSML"},"image":{"@id":"https:\/\/blog.unicollegessml.it\/#\/schema\/logo\/image\/"}}]}},"_links":{"self":[{"href":"https:\/\/blog.unicollegessml.it\/index.php?rest_route=\/wp\/v2\/pages\/8","targetHints":{"allow":["GET"]}}],"collection":[{"href":"https:\/\/blog.unicollegessml.it\/index.php?rest_route=\/wp\/v2\/pages"}],"about":[{"href":"https:\/\/blog.unicollegessml.it\/index.php?rest_route=\/wp\/v2\/types\/page"}],"author":[{"embeddable":true,"href":"https:\/\/blog.unicollegessml.it\/index.php?rest_route=\/wp\/v2\/users\/1"}],"replies":[{"embeddable":true,"href":"https:\/\/blog.unicollegessml.it\/index.php?rest_route=%2Fwp%2Fv2%2Fcomments&post=8"}],"version-history":[{"count":4,"href":"https:\/\/blog.unicollegessml.it\/index.php?rest_route=\/wp\/v2\/pages\/8\/revisions"}],"predecessor-version":[{"id":208,"href":"https:\/\/blog.unicollegessml.it\/index.php?rest_route=\/wp\/v2\/pages\/8\/revisions\/208"}],"wp:attachment":[{"href":"https:\/\/blog.unicollegessml.it\/index.php?rest_route=%2Fwp%2Fv2%2Fmedia&parent=8"}],"curies":[{"name":"wp","href":"https:\/\/api.w.org\/{rel}","templated":true}]}}